{"id":1081,"date":"2023-04-06T21:02:05","date_gmt":"2023-04-06T20:02:05","guid":{"rendered":"https:\/\/www.kuta.cz\/?page_id=1081"},"modified":"2023-04-12T07:57:08","modified_gmt":"2023-04-12T06:57:08","slug":"historie","status":"publish","type":"page","link":"https:\/\/www.kuta.cz\/de\/historie\/","title":{"rendered":"Geschichte"},"content":{"rendered":"<p><\/p>\n\n\n\n<p><\/p>\n\n\n\n\n\n\n\n<h2 class=\"wp-block-heading\">Geschichte<\/h2>\n\n\n<div class=\"row \">\n<div class=\"span4 \"><p><img loading=\"lazy\" decoding=\"async\" class=\"alignleft size-full wp-image-2005\" src=\"\/wp-content\/uploads\/2016\/11\/kuta-centrum.jpg\" alt=\"page2_img1\" width=\"370\" height=\"278\"><\/p><\/div>\n<div class=\"span8 \"><h3 style=\"text-transform: none;\">Kuta a.s. (AG) wurde 1999 gegr\u00fcndet und hat v\u00f6llig an die schon existierende Handelsbeziehungen der vorherigen, im Jahr 1991 gegr\u00fcndeter Gesellschaft, angekn\u00fcpft.<\/h3>\n<p>Die Firmenleitung bilden der Vorstandsvorsitzende Ing. Martin Kuta, der gleichzeitig der gr\u00f6\u00dfte Aktion\u00e4r ist.<\/p>\n<p>Zu den Hauptt\u00e4tigkeiten der Gesellschaft Kuta geh\u00f6rt Betrieben und Vermietung der Gewerber\u00e4ume, die ausschlie\u00dflich in unserem Eigentum sind. Zu den weiteren Aktivit\u00e4ten geh\u00f6ren: Verkauf von Grundst\u00fccken f\u00fcr Aufbau, Immobiliendienstleistungen, Werbet\u00e4tigkeit.<br \/><\/div>\n<\/div><!-- .row (end) -->\n\n\n<div class=\"spacer\"><\/div><!-- .spacer (end) -->\n\n\n<section class=\"lazy-load-box trigger effect-slidefromright \" data-delay=\"80\" data-speed=\"550\" style=\"-webkit-transition: all 550ms ease; -moz-transition: all 550ms ease; -ms-transition: all 550ms ease; -o-transition: all 550ms ease; transition: all 550ms ease;\">\n<div class=\"hero-unit \"><p>Interessiert an Miete?<br \/>\nTreten Sie mit uns in Kontakt.<\/p><div class=\"btn-align\"><a href=\"\/kontakt\/\" title=\"Mehr Informationen\" class=\"btn btn-primary btn-normal btn-primary\" target=\"_self\">Mehr Informationen<\/a><\/div><\/div><!-- .hero-unit (end) -->\n<\/section>\n\n\n\n\n\n\n\n<p><\/p>\n\n\n\n<p><\/p>","protected":false},"excerpt":{"rendered":"<p>Geschichte<\/p>\n","protected":false},"author":3,"featured_media":0,"parent":0,"menu_order":0,"comment_status":"closed","ping_status":"closed","template":"","meta":{"footnotes":""},"class_list":["post-1081","page","type-page","status-publish","hentry"],"_links":{"self":[{"href":"https:\/\/www.kuta.cz\/de\/wp-json\/wp\/v2\/pages\/1081","targetHints":{"allow":["GET"]}}],"collection":[{"href":"https:\/\/www.kuta.cz\/de\/wp-json\/wp\/v2\/pages"}],"about":[{"href":"https:\/\/www.kuta.cz\/de\/wp-json\/wp\/v2\/types\/page"}],"author":[{"embeddable":true,"href":"https:\/\/www.kuta.cz\/de\/wp-json\/wp\/v2\/users\/3"}],"replies":[{"embeddable":true,"href":"https:\/\/www.kuta.cz\/de\/wp-json\/wp\/v2\/comments?post=1081"}],"version-history":[{"count":17,"href":"https:\/\/www.kuta.cz\/de\/wp-json\/wp\/v2\/pages\/1081\/revisions"}],"predecessor-version":[{"id":1123,"href":"https:\/\/www.kuta.cz\/de\/wp-json\/wp\/v2\/pages\/1081\/revisions\/1123"}],"wp:attachment":[{"href":"https:\/\/www.kuta.cz\/de\/wp-json\/wp\/v2\/media?parent=1081"}],"curies":[{"name":"wp","href":"https:\/\/api.w.org\/{rel}","templated":true}]}}